{"id":8998,"date":"2024-03-25T13:58:42","date_gmt":"2024-03-25T12:58:42","guid":{"rendered":"https:\/\/sandbox.helloauto.com\/?page_id=8998"},"modified":"2024-06-11T12:31:37","modified_gmt":"2024-06-11T10:31:37","slug":"seguro-a-todo-riesgo","status":"publish","type":"page","link":"https:\/\/helloauto.com\/es-es\/seguros\/seguro-a-todo-riesgo\/","title":{"rendered":"Seguro a todo riesgo"},"content":{"rendered":"","protected":false},"excerpt":{"rendered":"<p> [&#8230;]<\/p>\n<p><a class=\"btn btn-secondary understrap-read-more-link\" href=\"https:\/\/helloauto.com\/es-es\/seguros\/seguro-a-todo-riesgo\/\">Leer m\u00e1s&#8230;<span class=\"screen-reader-text\"> from Seguro a todo riesgo<\/span><\/a><\/p>\n","protected":false},"author":3,"featured_media":0,"parent":532,"menu_order":0,"comment_status":"closed","ping_status":"closed","template":"global-templates\/tipo-cobertura.php","meta":{"_acf_changed":false,"footnotes":""},"class_list":["post-8998","page","type-page","status-publish","hentry"],"acf":[],"yoast_head":"<!-- This site is optimized with the Yoast SEO plugin v26.5 - https:\/\/yoast.com\/wordpress\/plugins\/seo\/ -->\n<title>Seguro de coche a todo riesgo | Hello Auto<\/title>\n<meta name=\"description\" content=\"El seguro a todo riesgo de Hello Auto te ofrece cobertura de los da\u00f1os a terceros que puedas causar pero, tambi\u00e9n, aqu\u00e9llos que sufra tu propio veh\u00edculo.\" \/>\n<meta name=\"robots\" content=\"index, follow, max-snippet:-1, max-image-preview:large, max-video-preview:-1\" \/>\n<link rel=\"canonical\" href=\"https:\/\/helloauto.com\/es-es\/seguros\/seguro-a-todo-riesgo\/\" \/>\n<meta property=\"og:locale\" content=\"es_ES\" \/>\n<meta property=\"og:type\" content=\"article\" \/>\n<meta property=\"og:title\" content=\"Seguro de coche a todo riesgo | Hello Auto\" \/>\n<meta property=\"og:description\" content=\"El seguro a todo riesgo de Hello Auto te ofrece cobertura de los da\u00f1os a terceros que puedas causar pero, tambi\u00e9n, aqu\u00e9llos que sufra tu propio veh\u00edculo.\" \/>\n<meta property=\"og:url\" content=\"https:\/\/helloauto.com\/es-es\/seguros\/seguro-a-todo-riesgo\/\" \/>\n<meta property=\"og:site_name\" content=\"Hello Auto\" \/>\n<meta property=\"article:publisher\" content=\"https:\/\/www.linkedin.com\/company\/hello-auto-insurance\/\" \/>\n<meta property=\"article:modified_time\" content=\"2024-06-11T10:31:37+00:00\" \/>\n<meta property=\"og:image\" content=\"https:\/\/helloauto.com\/wp-content\/uploads\/2023\/05\/Group.png\" \/>\n\t<meta property=\"og:image:width\" content=\"172\" \/>\n\t<meta property=\"og:image:height\" content=\"30\" \/>\n\t<meta property=\"og:image:type\" content=\"image\/png\" \/>\n<meta name=\"twitter:card\" content=\"summary_large_image\" \/>\n<meta name=\"twitter:site\" content=\"@helloauto_es\" \/>\n<script type=\"application\/ld+json\" class=\"yoast-schema-graph\">{\"@context\":\"https:\/\/schema.org\",\"@graph\":[{\"@type\":\"WebPage\",\"@id\":\"https:\/\/helloauto.com\/es-es\/seguros\/seguro-a-todo-riesgo\/\",\"url\":\"https:\/\/helloauto.com\/es-es\/seguros\/seguro-a-todo-riesgo\/\",\"name\":\"Seguro de coche a todo riesgo | Hello Auto\",\"isPartOf\":{\"@id\":\"https:\/\/helloauto.com\/es-es\/#website\"},\"datePublished\":\"2024-03-25T12:58:42+00:00\",\"dateModified\":\"2024-06-11T10:31:37+00:00\",\"description\":\"El seguro a todo riesgo de Hello Auto te ofrece cobertura de los da\u00f1os a terceros que puedas causar pero, tambi\u00e9n, aqu\u00e9llos que sufra tu propio veh\u00edculo.\",\"breadcrumb\":{\"@id\":\"https:\/\/helloauto.com\/es-es\/seguros\/seguro-a-todo-riesgo\/#breadcrumb\"},\"inLanguage\":\"es\",\"potentialAction\":[{\"@type\":\"ReadAction\",\"target\":[\"https:\/\/helloauto.com\/es-es\/seguros\/seguro-a-todo-riesgo\/\"]}]},{\"@type\":\"BreadcrumbList\",\"@id\":\"https:\/\/helloauto.com\/es-es\/seguros\/seguro-a-todo-riesgo\/#breadcrumb\",\"itemListElement\":[{\"@type\":\"ListItem\",\"position\":1,\"name\":\"Inicio\",\"item\":\"https:\/\/helloauto.com\/es-es\/\"},{\"@type\":\"ListItem\",\"position\":2,\"name\":\"Seguros\",\"item\":\"https:\/\/helloauto.com\/es-es\/seguros\/\"},{\"@type\":\"ListItem\",\"position\":3,\"name\":\"Seguro a todo riesgo\"}]},{\"@type\":\"WebSite\",\"@id\":\"https:\/\/helloauto.com\/es-es\/#website\",\"url\":\"https:\/\/helloauto.com\/es-es\/\",\"name\":\"Hello Auto - Seguros de coche\",\"description\":\"Aseguradora de coches\",\"publisher\":{\"@id\":\"https:\/\/helloauto.com\/es-es\/#organization\"},\"alternateName\":\"Hello Auto Seguros\",\"potentialAction\":[{\"@type\":\"SearchAction\",\"target\":{\"@type\":\"EntryPoint\",\"urlTemplate\":\"https:\/\/helloauto.com\/es-es\/?s={search_term_string}\"},\"query-input\":{\"@type\":\"PropertyValueSpecification\",\"valueRequired\":true,\"valueName\":\"search_term_string\"}}],\"inLanguage\":\"es\"},{\"@type\":\"Organization\",\"@id\":\"https:\/\/helloauto.com\/es-es\/#organization\",\"name\":\"Hello Auto\",\"alternateName\":\"Hello Auto Seguros\",\"url\":\"https:\/\/helloauto.com\/es-es\/\",\"logo\":{\"@type\":\"ImageObject\",\"inLanguage\":\"es\",\"@id\":\"https:\/\/helloauto.com\/es-es\/#\/schema\/logo\/image\/\",\"url\":\"https:\/\/helloauto.com\/wp-content\/uploads\/2024\/06\/Logo.svg\",\"contentUrl\":\"https:\/\/helloauto.com\/wp-content\/uploads\/2024\/06\/Logo.svg\",\"caption\":\"Hello Auto\"},\"image\":{\"@id\":\"https:\/\/helloauto.com\/es-es\/#\/schema\/logo\/image\/\"},\"sameAs\":[\"https:\/\/www.linkedin.com\/company\/hello-auto-insurance\/\",\"https:\/\/x.com\/helloauto_es\",\"https:\/\/www.instagram.com\/helloautoes\/\",\"https:\/\/www.facebook.com\/HelloAutoES\/\",\"https:\/\/www.youtube.com\/@helloautoespana7032\"]}]}<\/script>\n<!-- \/ Yoast SEO plugin. -->","yoast_head_json":{"title":"Seguro de coche a todo riesgo | Hello Auto","description":"El seguro a todo riesgo de Hello Auto te ofrece cobertura de los da\u00f1os a terceros que puedas causar pero, tambi\u00e9n, aqu\u00e9llos que sufra tu propio veh\u00edculo.","robots":{"index":"index","follow":"follow","max-snippet":"max-snippet:-1","max-image-preview":"max-image-preview:large","max-video-preview":"max-video-preview:-1"},"canonical":"https:\/\/helloauto.com\/es-es\/seguros\/seguro-a-todo-riesgo\/","og_locale":"es_ES","og_type":"article","og_title":"Seguro de coche a todo riesgo | Hello Auto","og_description":"El seguro a todo riesgo de Hello Auto te ofrece cobertura de los da\u00f1os a terceros que puedas causar pero, tambi\u00e9n, aqu\u00e9llos que sufra tu propio veh\u00edculo.","og_url":"https:\/\/helloauto.com\/es-es\/seguros\/seguro-a-todo-riesgo\/","og_site_name":"Hello Auto","article_publisher":"https:\/\/www.linkedin.com\/company\/hello-auto-insurance\/","article_modified_time":"2024-06-11T10:31:37+00:00","og_image":[{"width":172,"height":30,"url":"https:\/\/helloauto.com\/wp-content\/uploads\/2023\/05\/Group.png","type":"image\/png"}],"twitter_card":"summary_large_image","twitter_site":"@helloauto_es","schema":{"@context":"https:\/\/schema.org","@graph":[{"@type":"WebPage","@id":"https:\/\/helloauto.com\/es-es\/seguros\/seguro-a-todo-riesgo\/","url":"https:\/\/helloauto.com\/es-es\/seguros\/seguro-a-todo-riesgo\/","name":"Seguro de coche a todo riesgo | Hello Auto","isPartOf":{"@id":"https:\/\/helloauto.com\/es-es\/#website"},"datePublished":"2024-03-25T12:58:42+00:00","dateModified":"2024-06-11T10:31:37+00:00","description":"El seguro a todo riesgo de Hello Auto te ofrece cobertura de los da\u00f1os a terceros que puedas causar pero, tambi\u00e9n, aqu\u00e9llos que sufra tu propio veh\u00edculo.","breadcrumb":{"@id":"https:\/\/helloauto.com\/es-es\/seguros\/seguro-a-todo-riesgo\/#breadcrumb"},"inLanguage":"es","potentialAction":[{"@type":"ReadAction","target":["https:\/\/helloauto.com\/es-es\/seguros\/seguro-a-todo-riesgo\/"]}]},{"@type":"BreadcrumbList","@id":"https:\/\/helloauto.com\/es-es\/seguros\/seguro-a-todo-riesgo\/#breadcrumb","itemListElement":[{"@type":"ListItem","position":1,"name":"Inicio","item":"https:\/\/helloauto.com\/es-es\/"},{"@type":"ListItem","position":2,"name":"Seguros","item":"https:\/\/helloauto.com\/es-es\/seguros\/"},{"@type":"ListItem","position":3,"name":"Seguro a todo riesgo"}]},{"@type":"WebSite","@id":"https:\/\/helloauto.com\/es-es\/#website","url":"https:\/\/helloauto.com\/es-es\/","name":"Hello Auto - Seguros de coche","description":"Aseguradora de coches","publisher":{"@id":"https:\/\/helloauto.com\/es-es\/#organization"},"alternateName":"Hello Auto Seguros","potentialAction":[{"@type":"SearchAction","target":{"@type":"EntryPoint","urlTemplate":"https:\/\/helloauto.com\/es-es\/?s={search_term_string}"},"query-input":{"@type":"PropertyValueSpecification","valueRequired":true,"valueName":"search_term_string"}}],"inLanguage":"es"},{"@type":"Organization","@id":"https:\/\/helloauto.com\/es-es\/#organization","name":"Hello Auto","alternateName":"Hello Auto Seguros","url":"https:\/\/helloauto.com\/es-es\/","logo":{"@type":"ImageObject","inLanguage":"es","@id":"https:\/\/helloauto.com\/es-es\/#\/schema\/logo\/image\/","url":"https:\/\/helloauto.com\/wp-content\/uploads\/2024\/06\/Logo.svg","contentUrl":"https:\/\/helloauto.com\/wp-content\/uploads\/2024\/06\/Logo.svg","caption":"Hello Auto"},"image":{"@id":"https:\/\/helloauto.com\/es-es\/#\/schema\/logo\/image\/"},"sameAs":["https:\/\/www.linkedin.com\/company\/hello-auto-insurance\/","https:\/\/x.com\/helloauto_es","https:\/\/www.instagram.com\/helloautoes\/","https:\/\/www.facebook.com\/HelloAutoES\/","https:\/\/www.youtube.com\/@helloautoespana7032"]}]}},"_links":{"self":[{"href":"https:\/\/helloauto.com\/es-es\/wp-json\/wp\/v2\/pages\/8998","targetHints":{"allow":["GET"]}}],"collection":[{"href":"https:\/\/helloauto.com\/es-es\/wp-json\/wp\/v2\/pages"}],"about":[{"href":"https:\/\/helloauto.com\/es-es\/wp-json\/wp\/v2\/types\/page"}],"author":[{"embeddable":true,"href":"https:\/\/helloauto.com\/es-es\/wp-json\/wp\/v2\/users\/3"}],"replies":[{"embeddable":true,"href":"https:\/\/helloauto.com\/es-es\/wp-json\/wp\/v2\/comments?post=8998"}],"version-history":[{"count":12,"href":"https:\/\/helloauto.com\/es-es\/wp-json\/wp\/v2\/pages\/8998\/revisions"}],"predecessor-version":[{"id":9312,"href":"https:\/\/helloauto.com\/es-es\/wp-json\/wp\/v2\/pages\/8998\/revisions\/9312"}],"up":[{"embeddable":true,"href":"https:\/\/helloauto.com\/es-es\/wp-json\/wp\/v2\/pages\/532"}],"wp:attachment":[{"href":"https:\/\/helloauto.com\/es-es\/wp-json\/wp\/v2\/media?parent=8998"}],"curies":[{"name":"wp","href":"https:\/\/api.w.org\/{rel}","templated":true}]}}