{"id":607,"date":"2023-05-22T12:08:10","date_gmt":"2023-05-22T10:08:10","guid":{"rendered":"https:\/\/sandbox.helloauto.com\/?page_id=607"},"modified":"2024-04-24T12:41:07","modified_gmt":"2024-04-24T10:41:07","slug":"condiciones-tarificador","status":"publish","type":"page","link":"https:\/\/helloauto.com\/es-es\/condiciones-tarificador\/","title":{"rendered":"Condiciones tarificador"},"content":{"rendered":"\n<p class=\"subtitulos-legales\">Al usar este servicio manifiestas que has le\u00eddo con car\u00e1cter previo y aceptas las condiciones de uso. Igualmente aceptas esta pol\u00edtica de privacidad.<\/p>\n\n\n\n<h2 class=\"wp-block-heading\">1. Datos identificativos<\/h2>\n\n\n\n<p>En cumplimiento del deber de informaci\u00f3n recogido en el art\u00edculo 10 de la ley 34\/2002, de 11 de julio, de servicios de la sociedad de la informaci\u00f3n y del comercio electr\u00f3nico, a continuaci\u00f3n se le informa de los siguientes datos:<\/p>\n\n\n\n<p>La empresa titular de <a href=\"https:\/\/helloauto.com\/\">helloauto.com<\/a> es HELLO INSURANCE GROUP, COMPA\u00d1\u00cdA DE SEGUROS, S.A. (en adelante, Hello Auto o la Aseguradora). De igual forma, el Cotizador\/Tarificador (en adelante, la Cotizador), utilizado por los Usuarios con el objeto de obtener el importe de la prima de la p\u00f3liza de seguro de un veh\u00edculo, siempre y cuando el aseguramiento vaya a prestarse en el territorio nacional, es titularidad exclusiva de la Aseguradora.<\/p>\n\n\n\n<p>CIF del titular: A-90347253. Inscripci\u00f3n en el Registro Mercantil de Sevilla, Tomo 6.453, Folio 1, Hoja SE-115476, Inscripci\u00f3n 1<\/p>\n\n\n\n<p>Domicilio del titular: Avenida de la Astronom\u00eda, s\/n \u2013 Torre 2, Planta 4, M\u00f3dulos 1-4, C.P. 41.015 de Sevilla.<\/p>\n\n\n\n<p>Correo electr\u00f3nico de contacto del titular: <a href=\"mailto:dpo@helloauto.com\">dpo@helloauto.com<\/a><\/p>\n\n\n\n<h2 class=\"wp-block-heading\">2. Usuarios<\/h2>\n\n\n\n<p>El acceso y uso de la p\u00e1gina web titularidad de Hello Auto, as\u00ed como el uso del cotizador que aparece en la misma, le atribuye la condici\u00f3n de Usuario, que acepta, desde que se produce dicho acceso o uso. La condici\u00f3n de Usuario le obliga al cumplimiento de las condiciones generales de uso aqu\u00ed reflejadas. Las presentes Condiciones de Uso ser\u00e1n de aplicaci\u00f3n para ambas partes intervinientes, esto es, tanto para la Aseguradora como para los Usuarios. Las citadas condiciones ser\u00e1n de aplicaci\u00f3n independientemente de las condiciones generales de contrataci\u00f3n que en su caso resulten de aplicaci\u00f3n.<\/p>\n\n\n\n<h2 class=\"wp-block-heading\">3. Condiciones de uso de la p\u00e1gina web y del cotizador<\/h2>\n\n\n\n<p><a href=\"https:\/\/helloauto.com\/\">helloauto.com<\/a> proporciona acceso al Usuario a diversos servicios (en adelante, los contenidos) en Internet, pertenecientes a Hello Auto (entre los que se encuentra la Cotizador de tarificaci\u00f3n online de la p\u00f3liza de seguro).<\/p>\n\n\n\n<p>El Usuario asume la responsabilidad de uso de la p\u00e1gina web y de la herramienta de tarificaci\u00f3n del seguro y se compromete a hacer un uso adecuado de los contenidos y servicios que Hello Auto ofrece a trav\u00e9s de su p\u00e1gina web, comprometi\u00e9ndose a no utilizarlos para actividades il\u00edcitas, deshonestas o inapropiadas.<\/p>\n\n\n\n<p>El uso indebido y no autorizado de la p\u00e1gina web o del cotizador por el Usuario, podr\u00e1 dar lugar a la exigencia de responsabilidad por parte de Hello Auto, pudiendo denunciar dicha conducta ante la Autoridad competente.<\/p>\n\n\n\n<p>Dicha responsabilidad del Usuario se extiende a los datos que el mismo debe aportar para llevar a cabo la tarificaci\u00f3n. A tal efecto, el Usuario ser\u00e1 responsable de aportar informaci\u00f3n veraz y l\u00edcita respecto a todos aquellos datos que la Aseguradora le solicitea efectos de cotizar un seguro, como datos de car\u00e1cter personal y datos del veh\u00edculo objeto del aseguramiento.<\/p>\n\n\n\n<p>Las tarifas que resultaren del uso del cotizador no determinan la existencia o formalizaci\u00f3n de una relaci\u00f3n comercial entre la Aseguradora y el Usuario que realiza la cotizaci\u00f3n del seguro. Asimismo, la informaci\u00f3n relativa a la cotizaci\u00f3n resultante ser\u00e1 proporcionada por Hello Auto al Usuario con car\u00e1cter meramente informativo, sin que pueda ser tratada para otras finalidades distintas, siendo responsable el Usuario del uso inadecuado que haga de dicha informaci\u00f3n, debiendo responder de las consecuencias que se pudieran derivar de tal incumplimiento.<\/p>\n\n\n\n<p>Se garantiza al Usuario que la informaci\u00f3n que \u00e9ste facilite a efectos de cotizar un seguro, ser\u00e1 tratada con absoluta privacidad y confidencialidad, respetando la normativa vigente sobre Protecci\u00f3n de Datos de Car\u00e1cter Personal, que aparece recogida en la p\u00e1gina web de Hello Auto, y que puede consultarse en el apartado de Pol\u00edtica de Privacidad (https:\/\/helloauto.com\/rgpd).<\/p>\n\n\n\n<p>De igual forma, respecto al formulario de contacto de la p\u00e1gina web, el Usuario ser\u00e1 responsable de aportar informaci\u00f3n veraz. Los datos personales proporcionados por el Usuario en el momento de rellenar el formulario de contacto ser\u00e1n tratados, igualmente, con absoluta privacidad y confidencialidad, de conformidad con los principios de transparencia, limitaci\u00f3n de la finalidad del tratamiento, minimizaci\u00f3n de datos, exactitud, integridad y confidencialidad, as\u00ed como respetando el resto de obligaciones y garant\u00edas establecidas en el Reglamento (UE) 2016\/679 del Parlamento Europeo y del Consejo de 27 de abril de 2016 relativo a la protecci\u00f3n de las personas f\u00edsicas en lo que respecta al tratamiento de datos personales y a la libre circulaci\u00f3n de estos datos.<\/p>\n\n\n\n<p>En todo caso, Hello Auto se reserva el derecho de modificar unilateralmente, en cualquier momento y sin necesidad de previo aviso, la estructura y dise\u00f1o del sitio web y del cotizador y a modificar o eliminar sus contenidos.<\/p>\n\n\n\n<p>Del mismo modo, Hello Auto se reserva el derecho a modificar en cualquier momento y sin previo aviso las presentes condiciones de uso, as\u00ed como cualesquiera otras condiciones particulares contenidas en el sitio web: www.helloauto.com. Es por ello que los Usuarios deber\u00e1n revisar cu\u00e1les son las condiciones de uso vigentesen el momento de su uso.<\/p>\n\n\n\n<p>Del mismo modo, Hello Auto puede llevar a cabo, sin previo aviso a los Usuarios, aquellas modificaciones en la Cotizador que sean necesarias como consecuencia de la notificaci\u00f3n de alg\u00fan tipo de error en la misma o cuando se deba realizar su actualizaci\u00f3n<\/p>\n\n\n\n<h2 class=\"wp-block-heading\">4. Exclusi\u00f3n de garant\u00edas y de responsabilidad<\/h2>\n\n\n\n<p>Hello Auto no garantiza ni se hace responsable de los da\u00f1os y perjuicios de cualquier naturaleza que pudieran traer causa de fallos o desconexiones en las redes de telecomunicaciones que produzcan la suspensi\u00f3n, cancelaci\u00f3n o interrupci\u00f3n del servicio de la p\u00e1gina web o del cotizador durante la prestaci\u00f3n de los servicios, as\u00ed como la falta de disponibilidad, mantenimiento y efectivo funcionamiento de la p\u00e1gina web o del cotizador; Del uso il\u00edcito, contrario a las presentes Condiciones Generales y a la buena fe de la p\u00e1gina web, del servicio o sus contenidos, as\u00ed como del cotizador, por parte de los Usuarios; De la ausencia de virus, ni de otros elementos en la p\u00e1gina web, en sus informaciones, software u otros materiales accesibles desde la p\u00e1gina web, que puedan producir alteraciones en el sistema inform\u00e1tico del Usuario; De las discrepancias que pudieran encontrarse entre las distintas versiones electr\u00f3nicas; De la recepci\u00f3n, obtenci\u00f3n, almacenamiento, difusi\u00f3n o transmisi\u00f3n, por parte de los Usuarios, de los contenidos y\/o servicios; Del incumplimiento por parte de terceros de sus obligaciones o compromisos en relaci\u00f3n con los servicios y contenidos prestados a los Usuarios a trav\u00e9s de la p\u00e1gina web.<\/p>\n\n\n\n<p>Hello Auto tampoco se responsabiliza de aquellas interrupciones, fallos o dilaciones que se pudieran producir en el funcionamiento de la p\u00e1gina web o del cotizador, y que impidieran o ralentizaran el acceso de los Usuarios como consecuencia de actuaciones de la Aseguradora, como posibles tareas de mantenimiento o de actualizaci\u00f3n. Del mismo modo, Hello Auto no ser\u00e1 responsable de los da\u00f1os que pudieran sufrir los Usuarios, como consecuencia de las modificaciones introducidas por la Aseguradora en la p\u00e1gina web o en la Cotizador y que afecten a su contenido, servicios, aplicaciones o apariencia.<\/p>\n\n\n\n<p>De igual forma, la informaci\u00f3n relativa a la utilizaci\u00f3n del cotizador puede presentar errores de c\u00e1lculo o inexactitudes. Es por ello que Hello Auto no se hace responsable de los perjuicios o da\u00f1os que se podr\u00edan derivar de dichos errores, omisiones o inexactitudes que se pudieran producir en la informaci\u00f3n facilitada al Usuario como consecuencia de la cotizaci\u00f3n que \u00e9ste haga a trav\u00e9s del cotizador.<\/p>\n\n\n\n<h2 class=\"wp-block-heading\">5. Propiedad intelectual e industrial. Copyright.<\/h2>\n\n\n\n<p>Corresponden a Hello Auto todos los derechos de propiedad industrial e intelectual de la p\u00e1gina web, de la informaci\u00f3n y de los elementos y contenidos de la misma.<\/p>\n\n\n\n<p>Hello Auto no concede ninguna licencia o autorizaci\u00f3n de uso de ninguna clase sobre sus derechos de propiedad industrial e intelectual, o sobre cualquier otra propiedad o derecho relacionado con la p\u00e1gina web o sus contenidos o informaciones. Queda prohibida la reproducci\u00f3n, retransmisi\u00f3n, modificaci\u00f3n, copia, comercializaci\u00f3n, distribuci\u00f3n, cesi\u00f3n o redifusi\u00f3n, total o parcial, de la informaci\u00f3n, marcas, nombres comerciales, fotograf\u00edas, gr\u00e1ficos y c\u00f3digos de programaci\u00f3n, servicios y contenidos que se recogen en la p\u00e1gina web, cualquiera que fuera su finalidad y el medio utilizado para ello.<\/p>\n\n\n\n<p>El acceso a la p\u00e1gina web de Hello Auto o su utilizaci\u00f3n por los Usuarios no debe considerarse un otorgamiento de licencia de uso o derecho sobre cualquier activo cuya titularidad o propiedad corresponde a la Aseguradora.<\/p>\n\n\n\n<p>Asimismo, el contenido \u00edntegro del cotizador ha sido desarrollado por Hello Auto, por lo que est\u00e1 expresamente prohibido modificar, manipular, copiar, reproducir, publicar, piratear, distribuir, o cualquier otro uso il\u00edcito de dicha Cotizador, sin que medie la autorizaci\u00f3n previa y expresa por parte de la Aseguradora.<\/p>\n\n\n\n<p>De igual forma, la utilizaci\u00f3n del cotizador por parte del Usuario se har\u00e1 de manera limitada, a los solos efectos de la obtenci\u00f3n de una cotizaci\u00f3n de su seguro, sin que ello suponga ninguna transmisi\u00f3n o cesi\u00f3n de los derechos de propiedad intelectual de Hello Auto en favor del Usuario, quien s\u00f3lo tendr\u00e1 autorizaci\u00f3n para el uso temporal y limitado del cotizador.<\/p>\n\n\n\n<h2 class=\"wp-block-heading\">6. Jurisdicci\u00f3n y ley aplicable<\/h2>\n\n\n\n<p>Estas Condiciones Generales se rigen por la ley espa\u00f1ola. En el caso de que se produzca cualquier discrepancia o controversia con motivo de la interpretaci\u00f3n o la aplicaci\u00f3n de las presentes Condiciones Generales, Hello Auto y el Usuario, con renuncia expresa a cualquier otro fuero que pudiera corresponderles, se someten a la jurisdicci\u00f3n y competencia de los Juzgados y Tribunales de Sevilla.<\/p>\n","protected":false},"excerpt":{"rendered":"<p>Al usar este servicio manifiestas que has le\u00eddo con car\u00e1cter previo y aceptas las condiciones de uso. Igualmente aceptas esta pol\u00edtica de privacidad. 1. Datos identificativos En cumplimiento del deber de informaci\u00f3n recogido en el art\u00edculo 10 de la ley 34\/2002, de 11 de julio, de servicios de la sociedad de la informaci\u00f3n y del [&#8230;]<\/p>\n<p><a class=\"btn btn-secondary understrap-read-more-link\" href=\"https:\/\/helloauto.com\/es-es\/condiciones-tarificador\/\">Leer m\u00e1s&#8230;<span class=\"screen-reader-text\"> from Condiciones tarificador<\/span><\/a><\/p>\n","protected":false},"author":1,"featured_media":0,"parent":0,"menu_order":0,"comment_status":"closed","ping_status":"closed","template":"global-templates\/legales.php","meta":{"_acf_changed":false,"footnotes":""},"class_list":["post-607","page","type-page","status-publish","hentry"],"acf":[],"yoast_head":"<!-- This site is optimized with the Yoast SEO plugin v26.5 - https:\/\/yoast.com\/wordpress\/plugins\/seo\/ -->\n<title>Condiciones tarificador | Hello Auto<\/title>\n<meta name=\"description\" content=\"El responsable del tratamiento es HELLO INSURANCE GROUP COMPA\u00d1IA DE SEGUROS S.A\" \/>\n<meta name=\"robots\" content=\"index, follow, max-snippet:-1, max-image-preview:large, max-video-preview:-1\" \/>\n<link rel=\"canonical\" href=\"https:\/\/helloauto.com\/es-es\/condiciones-tarificador\/\" \/>\n<meta property=\"og:locale\" content=\"es_ES\" \/>\n<meta property=\"og:type\" content=\"article\" \/>\n<meta property=\"og:title\" content=\"Condiciones tarificador | Hello Auto\" \/>\n<meta property=\"og:description\" content=\"El responsable del tratamiento es HELLO INSURANCE GROUP COMPA\u00d1IA DE SEGUROS S.A\" \/>\n<meta property=\"og:url\" content=\"https:\/\/helloauto.com\/es-es\/condiciones-tarificador\/\" \/>\n<meta property=\"og:site_name\" content=\"Hello Auto\" \/>\n<meta property=\"article:publisher\" content=\"https:\/\/www.linkedin.com\/company\/hello-auto-insurance\/\" \/>\n<meta property=\"article:modified_time\" content=\"2024-04-24T10:41:07+00:00\" \/>\n<meta property=\"og:image\" content=\"https:\/\/helloauto.com\/wp-content\/uploads\/2023\/05\/Group.png\" \/>\n\t<meta property=\"og:image:width\" content=\"172\" \/>\n\t<meta property=\"og:image:height\" content=\"30\" \/>\n\t<meta property=\"og:image:type\" content=\"image\/png\" \/>\n<meta name=\"twitter:card\" content=\"summary_large_image\" \/>\n<meta name=\"twitter:site\" content=\"@helloauto_es\" \/>\n<meta name=\"twitter:label1\" content=\"Tiempo de lectura\" \/>\n\t<meta name=\"twitter:data1\" content=\"8 minutos\" \/>\n<script type=\"application\/ld+json\" class=\"yoast-schema-graph\">{\"@context\":\"https:\/\/schema.org\",\"@graph\":[{\"@type\":\"WebPage\",\"@id\":\"https:\/\/helloauto.com\/es-es\/condiciones-tarificador\/\",\"url\":\"https:\/\/helloauto.com\/es-es\/condiciones-tarificador\/\",\"name\":\"Condiciones tarificador | Hello Auto\",\"isPartOf\":{\"@id\":\"https:\/\/helloauto.com\/es-es\/#website\"},\"datePublished\":\"2023-05-22T10:08:10+00:00\",\"dateModified\":\"2024-04-24T10:41:07+00:00\",\"description\":\"El responsable del tratamiento es HELLO INSURANCE GROUP COMPA\u00d1IA DE SEGUROS S.A\",\"breadcrumb\":{\"@id\":\"https:\/\/helloauto.com\/es-es\/condiciones-tarificador\/#breadcrumb\"},\"inLanguage\":\"es\",\"potentialAction\":[{\"@type\":\"ReadAction\",\"target\":[\"https:\/\/helloauto.com\/es-es\/condiciones-tarificador\/\"]}]},{\"@type\":\"BreadcrumbList\",\"@id\":\"https:\/\/helloauto.com\/es-es\/condiciones-tarificador\/#breadcrumb\",\"itemListElement\":[{\"@type\":\"ListItem\",\"position\":1,\"name\":\"Inicio\",\"item\":\"https:\/\/helloauto.com\/es-es\/\"},{\"@type\":\"ListItem\",\"position\":2,\"name\":\"Condiciones tarificador\"}]},{\"@type\":\"WebSite\",\"@id\":\"https:\/\/helloauto.com\/es-es\/#website\",\"url\":\"https:\/\/helloauto.com\/es-es\/\",\"name\":\"Hello Auto - Seguros de coche\",\"description\":\"Aseguradora de coches\",\"publisher\":{\"@id\":\"https:\/\/helloauto.com\/es-es\/#organization\"},\"alternateName\":\"Hello Auto Seguros\",\"potentialAction\":[{\"@type\":\"SearchAction\",\"target\":{\"@type\":\"EntryPoint\",\"urlTemplate\":\"https:\/\/helloauto.com\/es-es\/?s={search_term_string}\"},\"query-input\":{\"@type\":\"PropertyValueSpecification\",\"valueRequired\":true,\"valueName\":\"search_term_string\"}}],\"inLanguage\":\"es\"},{\"@type\":\"Organization\",\"@id\":\"https:\/\/helloauto.com\/es-es\/#organization\",\"name\":\"Hello Auto\",\"alternateName\":\"Hello Auto Seguros\",\"url\":\"https:\/\/helloauto.com\/es-es\/\",\"logo\":{\"@type\":\"ImageObject\",\"inLanguage\":\"es\",\"@id\":\"https:\/\/helloauto.com\/es-es\/#\/schema\/logo\/image\/\",\"url\":\"https:\/\/helloauto.com\/wp-content\/uploads\/2024\/06\/Logo.svg\",\"contentUrl\":\"https:\/\/helloauto.com\/wp-content\/uploads\/2024\/06\/Logo.svg\",\"caption\":\"Hello Auto\"},\"image\":{\"@id\":\"https:\/\/helloauto.com\/es-es\/#\/schema\/logo\/image\/\"},\"sameAs\":[\"https:\/\/www.linkedin.com\/company\/hello-auto-insurance\/\",\"https:\/\/x.com\/helloauto_es\",\"https:\/\/www.instagram.com\/helloautoes\/\",\"https:\/\/www.facebook.com\/HelloAutoES\/\",\"https:\/\/www.youtube.com\/@helloautoespana7032\"]}]}<\/script>\n<!-- \/ Yoast SEO plugin. -->","yoast_head_json":{"title":"Condiciones tarificador | Hello Auto","description":"El responsable del tratamiento es HELLO INSURANCE GROUP COMPA\u00d1IA DE SEGUROS S.A","robots":{"index":"index","follow":"follow","max-snippet":"max-snippet:-1","max-image-preview":"max-image-preview:large","max-video-preview":"max-video-preview:-1"},"canonical":"https:\/\/helloauto.com\/es-es\/condiciones-tarificador\/","og_locale":"es_ES","og_type":"article","og_title":"Condiciones tarificador | Hello Auto","og_description":"El responsable del tratamiento es HELLO INSURANCE GROUP COMPA\u00d1IA DE SEGUROS S.A","og_url":"https:\/\/helloauto.com\/es-es\/condiciones-tarificador\/","og_site_name":"Hello Auto","article_publisher":"https:\/\/www.linkedin.com\/company\/hello-auto-insurance\/","article_modified_time":"2024-04-24T10:41:07+00:00","og_image":[{"width":172,"height":30,"url":"https:\/\/helloauto.com\/wp-content\/uploads\/2023\/05\/Group.png","type":"image\/png"}],"twitter_card":"summary_large_image","twitter_site":"@helloauto_es","twitter_misc":{"Tiempo de lectura":"8 minutos"},"schema":{"@context":"https:\/\/schema.org","@graph":[{"@type":"WebPage","@id":"https:\/\/helloauto.com\/es-es\/condiciones-tarificador\/","url":"https:\/\/helloauto.com\/es-es\/condiciones-tarificador\/","name":"Condiciones tarificador | Hello Auto","isPartOf":{"@id":"https:\/\/helloauto.com\/es-es\/#website"},"datePublished":"2023-05-22T10:08:10+00:00","dateModified":"2024-04-24T10:41:07+00:00","description":"El responsable del tratamiento es HELLO INSURANCE GROUP COMPA\u00d1IA DE SEGUROS S.A","breadcrumb":{"@id":"https:\/\/helloauto.com\/es-es\/condiciones-tarificador\/#breadcrumb"},"inLanguage":"es","potentialAction":[{"@type":"ReadAction","target":["https:\/\/helloauto.com\/es-es\/condiciones-tarificador\/"]}]},{"@type":"BreadcrumbList","@id":"https:\/\/helloauto.com\/es-es\/condiciones-tarificador\/#breadcrumb","itemListElement":[{"@type":"ListItem","position":1,"name":"Inicio","item":"https:\/\/helloauto.com\/es-es\/"},{"@type":"ListItem","position":2,"name":"Condiciones tarificador"}]},{"@type":"WebSite","@id":"https:\/\/helloauto.com\/es-es\/#website","url":"https:\/\/helloauto.com\/es-es\/","name":"Hello Auto - Seguros de coche","description":"Aseguradora de coches","publisher":{"@id":"https:\/\/helloauto.com\/es-es\/#organization"},"alternateName":"Hello Auto Seguros","potentialAction":[{"@type":"SearchAction","target":{"@type":"EntryPoint","urlTemplate":"https:\/\/helloauto.com\/es-es\/?s={search_term_string}"},"query-input":{"@type":"PropertyValueSpecification","valueRequired":true,"valueName":"search_term_string"}}],"inLanguage":"es"},{"@type":"Organization","@id":"https:\/\/helloauto.com\/es-es\/#organization","name":"Hello Auto","alternateName":"Hello Auto Seguros","url":"https:\/\/helloauto.com\/es-es\/","logo":{"@type":"ImageObject","inLanguage":"es","@id":"https:\/\/helloauto.com\/es-es\/#\/schema\/logo\/image\/","url":"https:\/\/helloauto.com\/wp-content\/uploads\/2024\/06\/Logo.svg","contentUrl":"https:\/\/helloauto.com\/wp-content\/uploads\/2024\/06\/Logo.svg","caption":"Hello Auto"},"image":{"@id":"https:\/\/helloauto.com\/es-es\/#\/schema\/logo\/image\/"},"sameAs":["https:\/\/www.linkedin.com\/company\/hello-auto-insurance\/","https:\/\/x.com\/helloauto_es","https:\/\/www.instagram.com\/helloautoes\/","https:\/\/www.facebook.com\/HelloAutoES\/","https:\/\/www.youtube.com\/@helloautoespana7032"]}]}},"_links":{"self":[{"href":"https:\/\/helloauto.com\/es-es\/wp-json\/wp\/v2\/pages\/607","targetHints":{"allow":["GET"]}}],"collection":[{"href":"https:\/\/helloauto.com\/es-es\/wp-json\/wp\/v2\/pages"}],"about":[{"href":"https:\/\/helloauto.com\/es-es\/wp-json\/wp\/v2\/types\/page"}],"author":[{"embeddable":true,"href":"https:\/\/helloauto.com\/es-es\/wp-json\/wp\/v2\/users\/1"}],"replies":[{"embeddable":true,"href":"https:\/\/helloauto.com\/es-es\/wp-json\/wp\/v2\/comments?post=607"}],"version-history":[{"count":7,"href":"https:\/\/helloauto.com\/es-es\/wp-json\/wp\/v2\/pages\/607\/revisions"}],"predecessor-version":[{"id":9051,"href":"https:\/\/helloauto.com\/es-es\/wp-json\/wp\/v2\/pages\/607\/revisions\/9051"}],"wp:attachment":[{"href":"https:\/\/helloauto.com\/es-es\/wp-json\/wp\/v2\/media?parent=607"}],"curies":[{"name":"wp","href":"https:\/\/api.w.org\/{rel}","templated":true}]}}