{"id":4492,"date":"2024-01-23T11:18:35","date_gmt":"2024-01-23T10:18:35","guid":{"rendered":"https:\/\/sandbox.helloauto.com\/?page_id=4492"},"modified":"2025-05-26T08:57:17","modified_gmt":"2025-05-26T06:57:17","slug":"canal-etico","status":"publish","type":"page","link":"https:\/\/helloauto.com\/es-es\/canal-etico\/","title":{"rendered":"Canal \u00e9tico"},"content":{"rendered":"\n<p class=\"mt-36\">El Canal de \u00c9tica y Cumplimiento de Hello Auto y Hello Insurance Group es un canal confidencial para plantear preguntas o presentar denuncias sobre posibles incumplimientos del C\u00f3digo de \u00c9tica y Conducta en Hello Auto y Hello Insurance Group, con total confianza y sin temor a posibles represalias. Este servicio se encuentra disponible las 24 horas del d\u00eda.<\/p>\n\n\n\n<div class=\"wp-block-buttons is-content-justification-center is-layout-flex wp-container-core-buttons-is-layout-16018d1d wp-block-buttons-is-layout-flex\" id=\"https:\/\/secure.revealit.app\/form\/denuncias-grupo-petroprix\">\n<div class=\"wp-block-button\"><a class=\"wp-block-button__link has-text-align-center wp-element-button\" href=\"https:\/\/app.lexcanal.com\/es\/referer\/NHdmOFFLNWxlbnNwa3BoRHpGVE1GWEZudVdDVCs1V3EvUVdiYWJmT0c5ZjNzYnVYV0prK1RZQ0NLSWhuRkNwamptOGdDZ1BGM3NnaVJudG1EZit6SkQxZG1ROWlaM25IUkhnMmR6cjN1QVE9\" target=\"_blank\" rel=\"noreferrer noopener\">Acceder al canal de denuncia<\/a><\/div>\n<\/div>\n\n\n\n<h2 class=\"wp-block-heading text-movil-left\">\u00bfQu\u00e9 es un canal de denuncias?<\/h2>\n\n\n\n<p>Un canal de denuncias es una herramienta cuyo objeto es ser una v\u00eda de comunicaci\u00f3n a trav\u00e9s de la cual empleados, colaboradores, proveedores, etc. podr\u00e1n enviar comunicaciones o denuncias sobre riesgos o sospechas de conductas irregulares e incumplimientos normativos. De este modo, el \u00f3rgano responsable las investigar\u00e1 y, en su caso, adoptar\u00e1 las medidas preventivas, correctivas o sancionadoras oportunas.<\/p>\n\n\n\n<h2 class=\"wp-block-heading text-movil-left\">\u00bfC\u00f3mo enviar una denuncia?<\/h2>\n\n\n\n<p>Se establece este canal para comunicar las denuncias internas de la empresa o revelar las informaciones correspondientes a conductas irregulares que pudieran producirse en el seno de la Organizaci\u00f3n tales como; acoso, fraude, blanqueo de capitales, entre otros\u2026<\/p>\n\n\n\n<p>De acuerdo con la normativa aplicable, una denuncia interna es una comunicaci\u00f3n verbal o por escrito de informaci\u00f3n sobre infracciones dentro de una entidad jur\u00eddica de los sectores privado o p\u00fablico. En Hello Insurance Group como propietaria de la marca Hello Auto, para garantizar la confidencialidad y seguridad de las denuncias, la gesti\u00f3n se realizar\u00e1 de forma escrita, a trav\u00e9s de esta p\u00e1gina web, mediante el canal de denuncias Lex Program.<\/p>\n\n\n\n<h2 class=\"wp-block-heading text-movil-left\">\u00bfPara qui\u00e9n esta dirigido?<\/h2>\n\n\n\n<p>Este servicio estar\u00e1 disponible en esta web para todas las personas trabajadoras en Hello Auto y Hello Insurance Group, y terceros relacionados con la empresa, a trav\u00e9s del cual es posible denunciar cualquier negligencia profesional y conducta il\u00edcita y\/o irregular o contraria a la \u00e9tica, que se produzca en el seno de la organizaci\u00f3n.<\/p>\n\n\n\n<div class=\"wp-block-buttons is-content-justification-center is-layout-flex wp-container-core-buttons-is-layout-16018d1d wp-block-buttons-is-layout-flex\">\n<div class=\"wp-block-button\"><a class=\"wp-block-button__link wp-element-button\" href=\"https:\/\/helloauto.com\/wp-content\/uploads\/2024\/07\/Canal-Etico_HELLO-AUTO_revisado.pdf\" target=\"_blank\" rel=\"noreferrer noopener\">Procedimiento del canal \u00e9tico<\/a><\/div>\n<\/div>\n","protected":false},"excerpt":{"rendered":"<p>El Canal de \u00c9tica y Cumplimiento de Hello Auto y Hello Insurance Group es un canal confidencial para plantear preguntas o presentar denuncias sobre posibles incumplimientos del C\u00f3digo de \u00c9tica y Conducta en Hello Auto y Hello Insurance Group, con total confianza y sin temor a posibles represalias. Este servicio se encuentra disponible las 24 [&#8230;]<\/p>\n<p><a class=\"btn btn-secondary understrap-read-more-link\" href=\"https:\/\/helloauto.com\/es-es\/canal-etico\/\">Leer m\u00e1s&#8230;<span class=\"screen-reader-text\"> from Canal \u00e9tico<\/span><\/a><\/p>\n","protected":false},"author":1,"featured_media":0,"parent":0,"menu_order":0,"comment_status":"closed","ping_status":"closed","template":"global-templates\/legales.php","meta":{"_acf_changed":false,"footnotes":""},"class_list":["post-4492","page","type-page","status-publish","hentry"],"acf":[],"yoast_head":"<!-- This site is optimized with the Yoast SEO plugin v26.5 - https:\/\/yoast.com\/wordpress\/plugins\/seo\/ -->\n<title>Canal \u00e9tico | Hello Auto<\/title>\n<meta name=\"description\" content=\"El Canal de \u00c9tica de Hello Auto es un canal confidencial para plantear dudas o presentar denuncias sobre posibles incumplimientos del C\u00f3digo de \u00c9tica y Conducta.\" \/>\n<meta name=\"robots\" content=\"index, follow, max-snippet:-1, max-image-preview:large, max-video-preview:-1\" \/>\n<link rel=\"canonical\" href=\"https:\/\/helloauto.com\/es-es\/canal-etico\/\" \/>\n<meta property=\"og:locale\" content=\"es_ES\" \/>\n<meta property=\"og:type\" content=\"article\" \/>\n<meta property=\"og:title\" content=\"Canal \u00e9tico | Hello Auto\" \/>\n<meta property=\"og:description\" content=\"El Canal de \u00c9tica de Hello Auto es un canal confidencial para plantear dudas o presentar denuncias sobre posibles incumplimientos del C\u00f3digo de \u00c9tica y Conducta.\" \/>\n<meta property=\"og:url\" content=\"https:\/\/helloauto.com\/es-es\/canal-etico\/\" \/>\n<meta property=\"og:site_name\" content=\"Hello Auto\" \/>\n<meta property=\"article:publisher\" content=\"https:\/\/www.linkedin.com\/company\/hello-auto-insurance\/\" \/>\n<meta property=\"article:modified_time\" content=\"2025-05-26T06:57:17+00:00\" \/>\n<meta property=\"og:image\" content=\"https:\/\/helloauto.com\/wp-content\/uploads\/2023\/05\/Group.png\" \/>\n\t<meta property=\"og:image:width\" content=\"172\" \/>\n\t<meta property=\"og:image:height\" content=\"30\" \/>\n\t<meta property=\"og:image:type\" content=\"image\/png\" \/>\n<meta name=\"twitter:card\" content=\"summary_large_image\" \/>\n<meta name=\"twitter:site\" content=\"@helloauto_es\" \/>\n<meta name=\"twitter:label1\" content=\"Tiempo de lectura\" \/>\n\t<meta name=\"twitter:data1\" content=\"2 minutos\" \/>\n<script type=\"application\/ld+json\" class=\"yoast-schema-graph\">{\"@context\":\"https:\/\/schema.org\",\"@graph\":[{\"@type\":\"WebPage\",\"@id\":\"https:\/\/helloauto.com\/es-es\/canal-etico\/\",\"url\":\"https:\/\/helloauto.com\/es-es\/canal-etico\/\",\"name\":\"Canal \u00e9tico | Hello Auto\",\"isPartOf\":{\"@id\":\"https:\/\/helloauto.com\/es-es\/#website\"},\"datePublished\":\"2024-01-23T10:18:35+00:00\",\"dateModified\":\"2025-05-26T06:57:17+00:00\",\"description\":\"El Canal de \u00c9tica de Hello Auto es un canal confidencial para plantear dudas o presentar denuncias sobre posibles incumplimientos del C\u00f3digo de \u00c9tica y Conducta.\",\"breadcrumb\":{\"@id\":\"https:\/\/helloauto.com\/es-es\/canal-etico\/#breadcrumb\"},\"inLanguage\":\"es\",\"potentialAction\":[{\"@type\":\"ReadAction\",\"target\":[\"https:\/\/helloauto.com\/es-es\/canal-etico\/\"]}]},{\"@type\":\"BreadcrumbList\",\"@id\":\"https:\/\/helloauto.com\/es-es\/canal-etico\/#breadcrumb\",\"itemListElement\":[{\"@type\":\"ListItem\",\"position\":1,\"name\":\"Inicio\",\"item\":\"https:\/\/helloauto.com\/es-es\/\"},{\"@type\":\"ListItem\",\"position\":2,\"name\":\"Canal \u00e9tico\"}]},{\"@type\":\"WebSite\",\"@id\":\"https:\/\/helloauto.com\/es-es\/#website\",\"url\":\"https:\/\/helloauto.com\/es-es\/\",\"name\":\"Hello Auto - Seguros de coche\",\"description\":\"Aseguradora de coches\",\"publisher\":{\"@id\":\"https:\/\/helloauto.com\/es-es\/#organization\"},\"alternateName\":\"Hello Auto Seguros\",\"potentialAction\":[{\"@type\":\"SearchAction\",\"target\":{\"@type\":\"EntryPoint\",\"urlTemplate\":\"https:\/\/helloauto.com\/es-es\/?s={search_term_string}\"},\"query-input\":{\"@type\":\"PropertyValueSpecification\",\"valueRequired\":true,\"valueName\":\"search_term_string\"}}],\"inLanguage\":\"es\"},{\"@type\":\"Organization\",\"@id\":\"https:\/\/helloauto.com\/es-es\/#organization\",\"name\":\"Hello Auto\",\"alternateName\":\"Hello Auto Seguros\",\"url\":\"https:\/\/helloauto.com\/es-es\/\",\"logo\":{\"@type\":\"ImageObject\",\"inLanguage\":\"es\",\"@id\":\"https:\/\/helloauto.com\/es-es\/#\/schema\/logo\/image\/\",\"url\":\"https:\/\/helloauto.com\/wp-content\/uploads\/2024\/06\/Logo.svg\",\"contentUrl\":\"https:\/\/helloauto.com\/wp-content\/uploads\/2024\/06\/Logo.svg\",\"caption\":\"Hello Auto\"},\"image\":{\"@id\":\"https:\/\/helloauto.com\/es-es\/#\/schema\/logo\/image\/\"},\"sameAs\":[\"https:\/\/www.linkedin.com\/company\/hello-auto-insurance\/\",\"https:\/\/x.com\/helloauto_es\",\"https:\/\/www.instagram.com\/helloautoes\/\",\"https:\/\/www.facebook.com\/HelloAutoES\/\",\"https:\/\/www.youtube.com\/@helloautoespana7032\"]}]}<\/script>\n<!-- \/ Yoast SEO plugin. -->","yoast_head_json":{"title":"Canal \u00e9tico | Hello Auto","description":"El Canal de \u00c9tica de Hello Auto es un canal confidencial para plantear dudas o presentar denuncias sobre posibles incumplimientos del C\u00f3digo de \u00c9tica y Conducta.","robots":{"index":"index","follow":"follow","max-snippet":"max-snippet:-1","max-image-preview":"max-image-preview:large","max-video-preview":"max-video-preview:-1"},"canonical":"https:\/\/helloauto.com\/es-es\/canal-etico\/","og_locale":"es_ES","og_type":"article","og_title":"Canal \u00e9tico | Hello Auto","og_description":"El Canal de \u00c9tica de Hello Auto es un canal confidencial para plantear dudas o presentar denuncias sobre posibles incumplimientos del C\u00f3digo de \u00c9tica y Conducta.","og_url":"https:\/\/helloauto.com\/es-es\/canal-etico\/","og_site_name":"Hello Auto","article_publisher":"https:\/\/www.linkedin.com\/company\/hello-auto-insurance\/","article_modified_time":"2025-05-26T06:57:17+00:00","og_image":[{"width":172,"height":30,"url":"https:\/\/helloauto.com\/wp-content\/uploads\/2023\/05\/Group.png","type":"image\/png"}],"twitter_card":"summary_large_image","twitter_site":"@helloauto_es","twitter_misc":{"Tiempo de lectura":"2 minutos"},"schema":{"@context":"https:\/\/schema.org","@graph":[{"@type":"WebPage","@id":"https:\/\/helloauto.com\/es-es\/canal-etico\/","url":"https:\/\/helloauto.com\/es-es\/canal-etico\/","name":"Canal \u00e9tico | Hello Auto","isPartOf":{"@id":"https:\/\/helloauto.com\/es-es\/#website"},"datePublished":"2024-01-23T10:18:35+00:00","dateModified":"2025-05-26T06:57:17+00:00","description":"El Canal de \u00c9tica de Hello Auto es un canal confidencial para plantear dudas o presentar denuncias sobre posibles incumplimientos del C\u00f3digo de \u00c9tica y Conducta.","breadcrumb":{"@id":"https:\/\/helloauto.com\/es-es\/canal-etico\/#breadcrumb"},"inLanguage":"es","potentialAction":[{"@type":"ReadAction","target":["https:\/\/helloauto.com\/es-es\/canal-etico\/"]}]},{"@type":"BreadcrumbList","@id":"https:\/\/helloauto.com\/es-es\/canal-etico\/#breadcrumb","itemListElement":[{"@type":"ListItem","position":1,"name":"Inicio","item":"https:\/\/helloauto.com\/es-es\/"},{"@type":"ListItem","position":2,"name":"Canal \u00e9tico"}]},{"@type":"WebSite","@id":"https:\/\/helloauto.com\/es-es\/#website","url":"https:\/\/helloauto.com\/es-es\/","name":"Hello Auto - Seguros de coche","description":"Aseguradora de coches","publisher":{"@id":"https:\/\/helloauto.com\/es-es\/#organization"},"alternateName":"Hello Auto Seguros","potentialAction":[{"@type":"SearchAction","target":{"@type":"EntryPoint","urlTemplate":"https:\/\/helloauto.com\/es-es\/?s={search_term_string}"},"query-input":{"@type":"PropertyValueSpecification","valueRequired":true,"valueName":"search_term_string"}}],"inLanguage":"es"},{"@type":"Organization","@id":"https:\/\/helloauto.com\/es-es\/#organization","name":"Hello Auto","alternateName":"Hello Auto Seguros","url":"https:\/\/helloauto.com\/es-es\/","logo":{"@type":"ImageObject","inLanguage":"es","@id":"https:\/\/helloauto.com\/es-es\/#\/schema\/logo\/image\/","url":"https:\/\/helloauto.com\/wp-content\/uploads\/2024\/06\/Logo.svg","contentUrl":"https:\/\/helloauto.com\/wp-content\/uploads\/2024\/06\/Logo.svg","caption":"Hello Auto"},"image":{"@id":"https:\/\/helloauto.com\/es-es\/#\/schema\/logo\/image\/"},"sameAs":["https:\/\/www.linkedin.com\/company\/hello-auto-insurance\/","https:\/\/x.com\/helloauto_es","https:\/\/www.instagram.com\/helloautoes\/","https:\/\/www.facebook.com\/HelloAutoES\/","https:\/\/www.youtube.com\/@helloautoespana7032"]}]}},"_links":{"self":[{"href":"https:\/\/helloauto.com\/es-es\/wp-json\/wp\/v2\/pages\/4492","targetHints":{"allow":["GET"]}}],"collection":[{"href":"https:\/\/helloauto.com\/es-es\/wp-json\/wp\/v2\/pages"}],"about":[{"href":"https:\/\/helloauto.com\/es-es\/wp-json\/wp\/v2\/types\/page"}],"author":[{"embeddable":true,"href":"https:\/\/helloauto.com\/es-es\/wp-json\/wp\/v2\/users\/1"}],"replies":[{"embeddable":true,"href":"https:\/\/helloauto.com\/es-es\/wp-json\/wp\/v2\/comments?post=4492"}],"version-history":[{"count":9,"href":"https:\/\/helloauto.com\/es-es\/wp-json\/wp\/v2\/pages\/4492\/revisions"}],"predecessor-version":[{"id":10652,"href":"https:\/\/helloauto.com\/es-es\/wp-json\/wp\/v2\/pages\/4492\/revisions\/10652"}],"wp:attachment":[{"href":"https:\/\/helloauto.com\/es-es\/wp-json\/wp\/v2\/media?parent=4492"}],"curies":[{"name":"wp","href":"https:\/\/api.w.org\/{rel}","templated":true}]}}