{"id":4405,"date":"2024-01-16T13:52:05","date_gmt":"2024-01-16T12:52:05","guid":{"rendered":"https:\/\/sandbox.helloauto.com\/?page_id=4405"},"modified":"2024-08-05T09:09:30","modified_gmt":"2024-08-05T07:09:30","slug":"cookies","status":"publish","type":"page","link":"https:\/\/helloauto.com\/es-es\/cookies\/","title":{"rendered":"Pol\u00edtica de cookies"},"content":{"rendered":"\n<p class=\"mt-40\">Nuestro sitio web <a href=\"https:\/\/helloauto.com\/\">https:\/\/helloauto.com\/<\/a> utiliza la tecnolog\u00eda denominada \u201ccookies\u201d, con la finalidad de poder recabar informaci\u00f3n acerca del uso del sitio web.<br><br>Le informamos que utilizamos cookies con la finalidad de facilitar su navegaci\u00f3n a trav\u00e9s del sitio web, distinguirle de otros usuarios, proporcionarle una mejor experiencia en el uso del dominio, e identificar problemas para mejorar nuestro portal.<br><br>Asimismo, en caso de que preste su consentimiento a trav\u00e9s de tu navegaci\u00f3n, utilizaremos cookies que nos permitir\u00e1n obtener m\u00e1s informaci\u00f3n acerca de sus preferencias, y a personalizar nuestra web de conformidad con sus intereses individuales, y nos permitir\u00e1 mostrarle, en tus sucesivas visitas, publicidad relativa a productos y\/o servicios de HELLO AUTO a cuya informaci\u00f3n haya accedido en su visita.<br><br>La presente pol\u00edtica de cookies tiene por finalidad informarle, de manera clara y precisa, sobre las cookies que se van a utilizar en nuestra web. En caso de que quisiera recabar m\u00e1s informaci\u00f3n sobre nosotros o sobre las cookies que utilizamos, puedes hacerlo a trav\u00e9s de nuestro aviso legal, o mediante correo electr\u00f3nico dirigido a: lopd@helloauto.com<\/p>\n\n\n\n<div class=\"wp-block-group\"><div class=\"wp-block-group__inner-container is-layout-constrained wp-block-group-is-layout-constrained\">\n<h2 class=\"wp-block-heading\">CONCEPTO DE COOKIES:<\/h2>\n\n\n\n<p>Una cookie es un peque\u00f1o fragmento de texto que los sitios web que visita env\u00edan al navegador y que permite que el sitio web recuerde informaci\u00f3n sobre tu visita, idioma preferido y otras opciones, lo que puede facilitar su pr\u00f3xima visita y hacer que el sitio le resulte m\u00e1s \u00fatil. Las cookies de HELLO AUTO tienen adem\u00e1s una finalidad estad\u00edstica y publicitaria<\/p>\n<\/div><\/div>\n\n\n\n<div class=\"wp-block-group\"><div class=\"wp-block-group__inner-container is-layout-constrained wp-block-group-is-layout-constrained\">\n<h2 class=\"wp-block-heading\">TIPOLOG\u00cdA DE COOKIES UTILIZADAS:<\/h2>\n\n\n\n<p>En HELLO AUTO s\u00f3lo usamos cookies de an\u00e1lisis estad\u00edstico que, ya sean tratadas por nosotros o por terceros, permiten hacer el seguimiento y an\u00e1lisis estad\u00edstico del comportamiento del conjunto de los usuarios, permiti\u00e9ndonos cuantificar el n\u00famero de visitantes y analizar estad\u00edsticamente la utilizaci\u00f3n que hacen \u00e9stos de nuestros servicios. Estas cookies son proporcionadas por Google Analytics, por lo que para m\u00e1s informaci\u00f3n te recomendamos visites la web de Google Analytics .Asimismo, tambi\u00e9n se utilizan cookies de redes sociales externan, que se utilizan para que los visitantes puedan interactuar con el contenido de diferentes plataformas sociales.<\/p>\n<\/div><\/div>\n\n\n\n<div class=\"wp-block-group\"><div class=\"wp-block-group__inner-container is-layout-constrained wp-block-group-is-layout-constrained\">\n<h2 class=\"wp-block-heading\">MODO DE CONFIGURAR O ELIMINAR MIS COOKIES:<\/h2>\n\n\n\n<p>Puede permitir, bloquear o eliminar las cookies instaladas en su equipo mediante la configuraci\u00f3n de las opciones de tu navegador de Internet. A continuaci\u00f3n tienes los enlaces donde te explican c\u00f3mo:<br><br>Google Chrome <a href=\"https:\/\/support.google.com\/chrome\/answer\/95647?hl=es\">https:\/\/support.google.com\/chrome\/answer\/95647?hl=es<\/a><br><br>Mozilla Firefox <a href=\"https:\/\/support.mozilla.org\/es\/kb\/habilitar-y-deshabilitar-cookies-sitios-web-rastrear-preferencias?redirectlocale=es&amp;redirectslug=habilitar-y-deshabilitar-cookies-que-los-sitios-we\">https:\/\/support.mozilla.org\/es\/kb\/habilitar-y-deshabilitar-cookies-sitios-web-rastrear-preferencias?redirectlocale=es&amp;redirectslug=habilitar-y-deshabilitar-cookies-que-los-sitios-we<\/a><br><br>Internet Explorer <a href=\"https:\/\/support.microsoft.com\/es-es\/help\/17442\/windows-internet-explorer-delete-manage-cookies\">https:\/\/support.microsoft.com\/es-es\/help\/17442\/windows-internet-explorer-delete-manage-cookies<\/a><br><br>Safari <a href=\"https:\/\/support.apple.com\/kb\/ph5042?locale=es_ES\">https:\/\/support.apple.com\/kb\/ph5042?locale=es_ES<\/a><br><br>Safari para IOS (iPhone y iPad) <a href=\"https:\/\/support.apple.com\/es-es\/HT201265\">https:\/\/support.apple.com\/es-es\/HT201265<\/a><br><br>Chrome para Android <a href=\"https:\/\/support.google.com\/chrome\/answer\/114662?hl=es&amp;visit_id=636971557427079744-2941453751&amp;rd=1\">https:\/\/support.google.com\/chrome\/answer\/114662?hl=es&amp;visit_id=636971557427079744-2941453751&amp;rd=1<\/a><br><br>Si rechazas la instalaci\u00f3n de cookies podr\u00e1s seguir usando el sitio web, aunque el uso de algunos de sus servicios podr\u00e1 ser limitado.<br><br>Si quisieses retirar en cualquier momento tu consentimiento relacionado con la presente pol\u00edtica de cookies, deber\u00e1s eliminar las cookies almacenadas a trav\u00e9s de los ajustes y configuraciones de tu navegador de Internet.<\/p>\n<\/div><\/div>\n\n\n\n<div class=\"wp-block-group\"><div class=\"wp-block-group__inner-container is-layout-constrained wp-block-group-is-layout-constrained\">\n<h2 class=\"wp-block-heading\">TIPOLOG\u00cdA DE COOKIES UTILIZADAS:<\/h2>\n\n\n\n<p>Identificaci\u00f3n de los que acceden a nuestras cookies:<br><br>En HELLO AUTO trabajamos con Google Analytics que nos permite cuantificar el n\u00famero de visitantes y analizar estad\u00edsticamente la utilizaci\u00f3n que hacen los usuarios de nuestros servicios. Tambi\u00e9n puede ser que haya complementos de otros proveedores de redes sociales, de los que podr\u00e1s comprobar sus condiciones legales al respecto de las cookies siguiendo los siguientes v\u00ednculos:<br><br>Facebook: <a href=\"https:\/\/www.facebook.com\/policy\/cookies\/\">https:\/\/www.facebook.com\/policy\/cookies\/<\/a><br><br>Twitter: <a href=\"https:\/\/help.twitter.com\/es\/rules-and-policies\/update-privacy-policy\n\">https:\/\/help.twitter.com\/es\/rules-and-policies\/update-privacy-policy<br><\/a><br>LinkedIn: <a href=\"https:\/\/www.linkedin.com\/legal\/cookie-policy\">https:\/\/www.linkedin.com\/legal\/cookie-policy<\/a><br><br>Google+: <a href=\"https:\/\/policies.google.com\/technologies\/cookies?hl=es\">https:\/\/policies.google.com\/technologies\/cookies?hl=es<\/a><br><br>En HELLO AUTO nunca guardamos los datos personales de nuestros usuarios, salvo en caso de registro voluntario en alguna de las secciones que pudiera haberse habilitado al efecto dentro del sitio web, con el objeto de hacer uso de los servicios que ponemos a tu disposici\u00f3n y\/o recibir informaci\u00f3n sobre promociones y contenidos de tu inter\u00e9s.<\/p>\n<\/div><\/div>\n\n\n\n<div class=\"wp-block-group\"><div class=\"wp-block-group__inner-container is-layout-constrained wp-block-group-is-layout-constrained\">\n<h2 class=\"wp-block-heading has-text-align-left\">ACTUALIZACI\u00d3N DE LA POL\u00cdTICA DE COOKIES:<\/h2>\n\n\n\n<p class=\"has-text-align-left\">Es posible que para nuevas interpretaciones realizadas por el organismo regulador competente, jueces o tribunales, esta pol\u00edtica de cookies pueda sufrir alguna modificaci\u00f3n, por lo que te rogamos que como usuario compruebes de forma regular su contenido.<br><br>Esta p\u00e1gina web usa cookies. Utilizamos cookies para brindarte una experiencia personalizada en nuestro sitio web. Al aceptar, nos das tu consentimiento para su uso. Puedes obtener m\u00e1s informaci\u00f3n visitando nuestra Pol\u00edtica de Cookies.<br><br>Las cookies son peque\u00f1os archivos de texto que las p\u00e1ginas web pueden utilizar para hacer m\u00e1s eficiente la experiencia del usuario.<br><br>La ley afirma que podemos almacenar cookies en su dispositivo si son estrictamente necesarias para el funcionamiento de esta p\u00e1gina. Para todos los dem\u00e1s tipos de cookies necesitamos su permiso.<br><br>Esta p\u00e1gina utiliza tipos diferentes de cookies. Algunas cookies son colocadas por servicios de terceros que aparecen en nuestras p\u00e1ginas.<br><br>En cualquier momento puede cambiar o retirar su consentimiento desde la Declaraci\u00f3n de cookies en nuestro sitio web.<br><br>Obtenga m\u00e1s informaci\u00f3n sobre qui\u00e9nes somos, c\u00f3mo puede contactarnos y c\u00f3mo procesamos los datos personales en nuestra Pol\u00edtica de privacidad.<br><br>Al contactarnos respecto a su consentimiento, por favor, indique el ID y la fecha de su consentimiento.<br><br>Su consentimiento se aplica a los siguientes dominios: blog.helloauto.com, helloauto.com<br><br>Tu estado actual: Permitir todas.<br><br>ID de tu consentimiento: BJrjRsGQ7JmAqgpa7fxotykOoPHZZXcNfJG8+4hlLPU4yBxhBTFe1Q==<br><br>Fecha del consentimiento: martes, 18 de julio de 2023, 08:21:59 CEST<br><br><a href=\"https:\/\/helloauto.com\/cookies\">Cambiar tu consentimiento<\/a> | <a href=\"https:\/\/helloauto.com\/cookies\">Retirar tu consentimiento<\/a><br><br>Declaraci\u00f3n de cookies actualizada por \u00faltima vez el 9\/11\/23 por <a href=\"https:\/\/www.cookiebot.com\/\">Cookiebot:<\/a><\/p>\n<\/div><\/div>\n","protected":false},"excerpt":{"rendered":"<p>Nuestro sitio web https:\/\/helloauto.com\/ utiliza la tecnolog\u00eda denominada \u201ccookies\u201d, con la finalidad de poder recabar informaci\u00f3n acerca del uso del sitio web. Le informamos que utilizamos cookies con la finalidad de facilitar su navegaci\u00f3n a trav\u00e9s del sitio web, distinguirle de otros usuarios, proporcionarle una mejor experiencia en el uso del dominio, e identificar problemas [&#8230;]<\/p>\n<p><a class=\"btn btn-secondary understrap-read-more-link\" href=\"https:\/\/helloauto.com\/es-es\/cookies\/\">Leer m\u00e1s&#8230;<span class=\"screen-reader-text\"> from Pol\u00edtica de cookies<\/span><\/a><\/p>\n","protected":false},"author":2,"featured_media":0,"parent":0,"menu_order":0,"comment_status":"closed","ping_status":"closed","template":"global-templates\/legales.php","meta":{"_acf_changed":false,"footnotes":""},"class_list":["post-4405","page","type-page","status-publish","hentry"],"acf":[],"yoast_head":"<!-- This site is optimized with the Yoast SEO plugin v26.5 - https:\/\/yoast.com\/wordpress\/plugins\/seo\/ -->\n<title>Pol\u00edtica de cookies | Hello Auto<\/title>\n<meta name=\"description\" content=\"Nuestro sitio web utiliza la tecnolog\u00eda denominada &quot;cookies&quot;, con la finalidad de poder recabar informaci\u00f3n acerca del uso del sitio web.\" \/>\n<meta name=\"robots\" content=\"index, follow, max-snippet:-1, max-image-preview:large, max-video-preview:-1\" \/>\n<link rel=\"canonical\" href=\"https:\/\/helloauto.com\/es-es\/cookies\/\" \/>\n<meta property=\"og:locale\" content=\"es_ES\" \/>\n<meta property=\"og:type\" content=\"article\" \/>\n<meta property=\"og:title\" content=\"Pol\u00edtica de cookies | Hello Auto\" \/>\n<meta property=\"og:description\" content=\"Nuestro sitio web utiliza la tecnolog\u00eda denominada &quot;cookies&quot;, con la finalidad de poder recabar informaci\u00f3n acerca del uso del sitio web.\" \/>\n<meta property=\"og:url\" content=\"https:\/\/helloauto.com\/es-es\/cookies\/\" \/>\n<meta property=\"og:site_name\" content=\"Hello Auto\" \/>\n<meta property=\"article:publisher\" content=\"https:\/\/www.linkedin.com\/company\/hello-auto-insurance\/\" \/>\n<meta property=\"article:modified_time\" content=\"2024-08-05T07:09:30+00:00\" \/>\n<meta property=\"og:image\" content=\"https:\/\/helloauto.com\/wp-content\/uploads\/2023\/05\/Group.png\" \/>\n\t<meta property=\"og:image:width\" content=\"172\" \/>\n\t<meta property=\"og:image:height\" content=\"30\" \/>\n\t<meta property=\"og:image:type\" content=\"image\/png\" \/>\n<meta name=\"twitter:card\" content=\"summary_large_image\" \/>\n<meta name=\"twitter:site\" content=\"@helloauto_es\" \/>\n<meta name=\"twitter:label1\" content=\"Tiempo de lectura\" \/>\n\t<meta name=\"twitter:data1\" content=\"4 minutos\" \/>\n<script type=\"application\/ld+json\" class=\"yoast-schema-graph\">{\"@context\":\"https:\/\/schema.org\",\"@graph\":[{\"@type\":\"WebPage\",\"@id\":\"https:\/\/helloauto.com\/es-es\/cookies\/\",\"url\":\"https:\/\/helloauto.com\/es-es\/cookies\/\",\"name\":\"Pol\u00edtica de cookies | Hello Auto\",\"isPartOf\":{\"@id\":\"https:\/\/helloauto.com\/es-es\/#website\"},\"datePublished\":\"2024-01-16T12:52:05+00:00\",\"dateModified\":\"2024-08-05T07:09:30+00:00\",\"description\":\"Nuestro sitio web utiliza la tecnolog\u00eda denominada \\\"cookies\\\", con la finalidad de poder recabar informaci\u00f3n acerca del uso del sitio web.\",\"breadcrumb\":{\"@id\":\"https:\/\/helloauto.com\/es-es\/cookies\/#breadcrumb\"},\"inLanguage\":\"es\",\"potentialAction\":[{\"@type\":\"ReadAction\",\"target\":[\"https:\/\/helloauto.com\/es-es\/cookies\/\"]}]},{\"@type\":\"BreadcrumbList\",\"@id\":\"https:\/\/helloauto.com\/es-es\/cookies\/#breadcrumb\",\"itemListElement\":[{\"@type\":\"ListItem\",\"position\":1,\"name\":\"Inicio\",\"item\":\"https:\/\/helloauto.com\/es-es\/\"},{\"@type\":\"ListItem\",\"position\":2,\"name\":\"Pol\u00edtica de cookies\"}]},{\"@type\":\"WebSite\",\"@id\":\"https:\/\/helloauto.com\/es-es\/#website\",\"url\":\"https:\/\/helloauto.com\/es-es\/\",\"name\":\"Hello Auto - Seguros de coche\",\"description\":\"Aseguradora de coches\",\"publisher\":{\"@id\":\"https:\/\/helloauto.com\/es-es\/#organization\"},\"alternateName\":\"Hello Auto Seguros\",\"potentialAction\":[{\"@type\":\"SearchAction\",\"target\":{\"@type\":\"EntryPoint\",\"urlTemplate\":\"https:\/\/helloauto.com\/es-es\/?s={search_term_string}\"},\"query-input\":{\"@type\":\"PropertyValueSpecification\",\"valueRequired\":true,\"valueName\":\"search_term_string\"}}],\"inLanguage\":\"es\"},{\"@type\":\"Organization\",\"@id\":\"https:\/\/helloauto.com\/es-es\/#organization\",\"name\":\"Hello Auto\",\"alternateName\":\"Hello Auto Seguros\",\"url\":\"https:\/\/helloauto.com\/es-es\/\",\"logo\":{\"@type\":\"ImageObject\",\"inLanguage\":\"es\",\"@id\":\"https:\/\/helloauto.com\/es-es\/#\/schema\/logo\/image\/\",\"url\":\"https:\/\/helloauto.com\/wp-content\/uploads\/2024\/06\/Logo.svg\",\"contentUrl\":\"https:\/\/helloauto.com\/wp-content\/uploads\/2024\/06\/Logo.svg\",\"caption\":\"Hello Auto\"},\"image\":{\"@id\":\"https:\/\/helloauto.com\/es-es\/#\/schema\/logo\/image\/\"},\"sameAs\":[\"https:\/\/www.linkedin.com\/company\/hello-auto-insurance\/\",\"https:\/\/x.com\/helloauto_es\",\"https:\/\/www.instagram.com\/helloautoes\/\",\"https:\/\/www.facebook.com\/HelloAutoES\/\",\"https:\/\/www.youtube.com\/@helloautoespana7032\"]}]}<\/script>\n<!-- \/ Yoast SEO plugin. -->","yoast_head_json":{"title":"Pol\u00edtica de cookies | Hello Auto","description":"Nuestro sitio web utiliza la tecnolog\u00eda denominada \"cookies\", con la finalidad de poder recabar informaci\u00f3n acerca del uso del sitio web.","robots":{"index":"index","follow":"follow","max-snippet":"max-snippet:-1","max-image-preview":"max-image-preview:large","max-video-preview":"max-video-preview:-1"},"canonical":"https:\/\/helloauto.com\/es-es\/cookies\/","og_locale":"es_ES","og_type":"article","og_title":"Pol\u00edtica de cookies | Hello Auto","og_description":"Nuestro sitio web utiliza la tecnolog\u00eda denominada \"cookies\", con la finalidad de poder recabar informaci\u00f3n acerca del uso del sitio web.","og_url":"https:\/\/helloauto.com\/es-es\/cookies\/","og_site_name":"Hello Auto","article_publisher":"https:\/\/www.linkedin.com\/company\/hello-auto-insurance\/","article_modified_time":"2024-08-05T07:09:30+00:00","og_image":[{"width":172,"height":30,"url":"https:\/\/helloauto.com\/wp-content\/uploads\/2023\/05\/Group.png","type":"image\/png"}],"twitter_card":"summary_large_image","twitter_site":"@helloauto_es","twitter_misc":{"Tiempo de lectura":"4 minutos"},"schema":{"@context":"https:\/\/schema.org","@graph":[{"@type":"WebPage","@id":"https:\/\/helloauto.com\/es-es\/cookies\/","url":"https:\/\/helloauto.com\/es-es\/cookies\/","name":"Pol\u00edtica de cookies | Hello Auto","isPartOf":{"@id":"https:\/\/helloauto.com\/es-es\/#website"},"datePublished":"2024-01-16T12:52:05+00:00","dateModified":"2024-08-05T07:09:30+00:00","description":"Nuestro sitio web utiliza la tecnolog\u00eda denominada \"cookies\", con la finalidad de poder recabar informaci\u00f3n acerca del uso del sitio web.","breadcrumb":{"@id":"https:\/\/helloauto.com\/es-es\/cookies\/#breadcrumb"},"inLanguage":"es","potentialAction":[{"@type":"ReadAction","target":["https:\/\/helloauto.com\/es-es\/cookies\/"]}]},{"@type":"BreadcrumbList","@id":"https:\/\/helloauto.com\/es-es\/cookies\/#breadcrumb","itemListElement":[{"@type":"ListItem","position":1,"name":"Inicio","item":"https:\/\/helloauto.com\/es-es\/"},{"@type":"ListItem","position":2,"name":"Pol\u00edtica de cookies"}]},{"@type":"WebSite","@id":"https:\/\/helloauto.com\/es-es\/#website","url":"https:\/\/helloauto.com\/es-es\/","name":"Hello Auto - Seguros de coche","description":"Aseguradora de coches","publisher":{"@id":"https:\/\/helloauto.com\/es-es\/#organization"},"alternateName":"Hello Auto Seguros","potentialAction":[{"@type":"SearchAction","target":{"@type":"EntryPoint","urlTemplate":"https:\/\/helloauto.com\/es-es\/?s={search_term_string}"},"query-input":{"@type":"PropertyValueSpecification","valueRequired":true,"valueName":"search_term_string"}}],"inLanguage":"es"},{"@type":"Organization","@id":"https:\/\/helloauto.com\/es-es\/#organization","name":"Hello Auto","alternateName":"Hello Auto Seguros","url":"https:\/\/helloauto.com\/es-es\/","logo":{"@type":"ImageObject","inLanguage":"es","@id":"https:\/\/helloauto.com\/es-es\/#\/schema\/logo\/image\/","url":"https:\/\/helloauto.com\/wp-content\/uploads\/2024\/06\/Logo.svg","contentUrl":"https:\/\/helloauto.com\/wp-content\/uploads\/2024\/06\/Logo.svg","caption":"Hello Auto"},"image":{"@id":"https:\/\/helloauto.com\/es-es\/#\/schema\/logo\/image\/"},"sameAs":["https:\/\/www.linkedin.com\/company\/hello-auto-insurance\/","https:\/\/x.com\/helloauto_es","https:\/\/www.instagram.com\/helloautoes\/","https:\/\/www.facebook.com\/HelloAutoES\/","https:\/\/www.youtube.com\/@helloautoespana7032"]}]}},"_links":{"self":[{"href":"https:\/\/helloauto.com\/es-es\/wp-json\/wp\/v2\/pages\/4405","targetHints":{"allow":["GET"]}}],"collection":[{"href":"https:\/\/helloauto.com\/es-es\/wp-json\/wp\/v2\/pages"}],"about":[{"href":"https:\/\/helloauto.com\/es-es\/wp-json\/wp\/v2\/types\/page"}],"author":[{"embeddable":true,"href":"https:\/\/helloauto.com\/es-es\/wp-json\/wp\/v2\/users\/2"}],"replies":[{"embeddable":true,"href":"https:\/\/helloauto.com\/es-es\/wp-json\/wp\/v2\/comments?post=4405"}],"version-history":[{"count":18,"href":"https:\/\/helloauto.com\/es-es\/wp-json\/wp\/v2\/pages\/4405\/revisions"}],"predecessor-version":[{"id":10489,"href":"https:\/\/helloauto.com\/es-es\/wp-json\/wp\/v2\/pages\/4405\/revisions\/10489"}],"wp:attachment":[{"href":"https:\/\/helloauto.com\/es-es\/wp-json\/wp\/v2\/media?parent=4405"}],"curies":[{"name":"wp","href":"https:\/\/api.w.org\/{rel}","templated":true}]}}