{"id":3050,"date":"2023-10-31T07:05:41","date_gmt":"2023-10-31T06:05:41","guid":{"rendered":"https:\/\/sandbox.helloauto.com\/?page_id=3050"},"modified":"2024-04-24T12:49:55","modified_gmt":"2024-04-24T10:49:55","slug":"seguro-a-terceros-ampliado","status":"publish","type":"page","link":"https:\/\/helloauto.com\/es-es\/seguros\/seguro-a-terceros-ampliado\/","title":{"rendered":"Terceros ampliado"},"content":{"rendered":"","protected":false},"excerpt":{"rendered":"<p> [&#8230;]<\/p>\n<p><a class=\"btn btn-secondary understrap-read-more-link\" href=\"https:\/\/helloauto.com\/es-es\/seguros\/seguro-a-terceros-ampliado\/\">Leer m\u00e1s&#8230;<span class=\"screen-reader-text\"> from Terceros ampliado<\/span><\/a><\/p>\n","protected":false},"author":1,"featured_media":0,"parent":532,"menu_order":0,"comment_status":"closed","ping_status":"closed","template":"global-templates\/tipo-cobertura.php","meta":{"_acf_changed":false,"footnotes":""},"class_list":["post-3050","page","type-page","status-publish","hentry"],"acf":[],"yoast_head":"<!-- This site is optimized with the Yoast SEO plugin v26.5 - https:\/\/yoast.com\/wordpress\/plugins\/seo\/ -->\n<title>Seguro de coche a terceros ampliado | Hello Auto<\/title>\n<meta name=\"description\" content=\"El seguro a terceros ampliado de Hello Auto te garantiza las coberturas m\u00e1s b\u00e1sicas y, adem\u00e1s, incluye coberturas de robo, incendio y rotura de lunas.\" \/>\n<meta name=\"robots\" content=\"index, follow, max-snippet:-1, max-image-preview:large, max-video-preview:-1\" \/>\n<link rel=\"canonical\" href=\"https:\/\/helloauto.com\/es-es\/seguros\/seguro-a-terceros-ampliado\/\" \/>\n<meta property=\"og:locale\" content=\"es_ES\" \/>\n<meta property=\"og:type\" content=\"article\" \/>\n<meta property=\"og:title\" content=\"Seguro de coche a terceros ampliado | Hello Auto\" \/>\n<meta property=\"og:description\" content=\"El seguro a terceros ampliado de Hello Auto te garantiza las coberturas m\u00e1s b\u00e1sicas y, adem\u00e1s, incluye coberturas de robo, incendio y rotura de lunas.\" \/>\n<meta property=\"og:url\" content=\"https:\/\/helloauto.com\/es-es\/seguros\/seguro-a-terceros-ampliado\/\" \/>\n<meta property=\"og:site_name\" content=\"Hello Auto\" \/>\n<meta property=\"article:publisher\" content=\"https:\/\/www.linkedin.com\/company\/hello-auto-insurance\/\" \/>\n<meta property=\"article:modified_time\" content=\"2024-04-24T10:49:55+00:00\" \/>\n<meta property=\"og:image\" content=\"https:\/\/helloauto.com\/wp-content\/uploads\/2023\/05\/Group.png\" \/>\n\t<meta property=\"og:image:width\" content=\"172\" \/>\n\t<meta property=\"og:image:height\" content=\"30\" \/>\n\t<meta property=\"og:image:type\" content=\"image\/png\" \/>\n<meta name=\"twitter:card\" content=\"summary_large_image\" \/>\n<meta name=\"twitter:site\" content=\"@helloauto_es\" \/>\n<script type=\"application\/ld+json\" class=\"yoast-schema-graph\">{\"@context\":\"https:\/\/schema.org\",\"@graph\":[{\"@type\":\"WebPage\",\"@id\":\"https:\/\/helloauto.com\/es-es\/seguros\/seguro-a-terceros-ampliado\/\",\"url\":\"https:\/\/helloauto.com\/es-es\/seguros\/seguro-a-terceros-ampliado\/\",\"name\":\"Seguro de coche a terceros ampliado | Hello Auto\",\"isPartOf\":{\"@id\":\"https:\/\/helloauto.com\/es-es\/#website\"},\"datePublished\":\"2023-10-31T06:05:41+00:00\",\"dateModified\":\"2024-04-24T10:49:55+00:00\",\"description\":\"El seguro a terceros ampliado de Hello Auto te garantiza las coberturas m\u00e1s b\u00e1sicas y, adem\u00e1s, incluye coberturas de robo, incendio y rotura de lunas.\",\"breadcrumb\":{\"@id\":\"https:\/\/helloauto.com\/es-es\/seguros\/seguro-a-terceros-ampliado\/#breadcrumb\"},\"inLanguage\":\"es\",\"potentialAction\":[{\"@type\":\"ReadAction\",\"target\":[\"https:\/\/helloauto.com\/es-es\/seguros\/seguro-a-terceros-ampliado\/\"]}]},{\"@type\":\"BreadcrumbList\",\"@id\":\"https:\/\/helloauto.com\/es-es\/seguros\/seguro-a-terceros-ampliado\/#breadcrumb\",\"itemListElement\":[{\"@type\":\"ListItem\",\"position\":1,\"name\":\"Inicio\",\"item\":\"https:\/\/helloauto.com\/es-es\/\"},{\"@type\":\"ListItem\",\"position\":2,\"name\":\"Seguros\",\"item\":\"https:\/\/helloauto.com\/es-es\/seguros\/\"},{\"@type\":\"ListItem\",\"position\":3,\"name\":\"Terceros ampliado\"}]},{\"@type\":\"WebSite\",\"@id\":\"https:\/\/helloauto.com\/es-es\/#website\",\"url\":\"https:\/\/helloauto.com\/es-es\/\",\"name\":\"Hello Auto - Seguros de coche\",\"description\":\"Aseguradora de coches\",\"publisher\":{\"@id\":\"https:\/\/helloauto.com\/es-es\/#organization\"},\"alternateName\":\"Hello Auto Seguros\",\"potentialAction\":[{\"@type\":\"SearchAction\",\"target\":{\"@type\":\"EntryPoint\",\"urlTemplate\":\"https:\/\/helloauto.com\/es-es\/?s={search_term_string}\"},\"query-input\":{\"@type\":\"PropertyValueSpecification\",\"valueRequired\":true,\"valueName\":\"search_term_string\"}}],\"inLanguage\":\"es\"},{\"@type\":\"Organization\",\"@id\":\"https:\/\/helloauto.com\/es-es\/#organization\",\"name\":\"Hello Auto\",\"alternateName\":\"Hello Auto Seguros\",\"url\":\"https:\/\/helloauto.com\/es-es\/\",\"logo\":{\"@type\":\"ImageObject\",\"inLanguage\":\"es\",\"@id\":\"https:\/\/helloauto.com\/es-es\/#\/schema\/logo\/image\/\",\"url\":\"https:\/\/helloauto.com\/wp-content\/uploads\/2024\/06\/Logo.svg\",\"contentUrl\":\"https:\/\/helloauto.com\/wp-content\/uploads\/2024\/06\/Logo.svg\",\"caption\":\"Hello Auto\"},\"image\":{\"@id\":\"https:\/\/helloauto.com\/es-es\/#\/schema\/logo\/image\/\"},\"sameAs\":[\"https:\/\/www.linkedin.com\/company\/hello-auto-insurance\/\",\"https:\/\/x.com\/helloauto_es\",\"https:\/\/www.instagram.com\/helloautoes\/\",\"https:\/\/www.facebook.com\/HelloAutoES\/\",\"https:\/\/www.youtube.com\/@helloautoespana7032\"]}]}<\/script>\n<!-- \/ Yoast SEO plugin. -->","yoast_head_json":{"title":"Seguro de coche a terceros ampliado | Hello Auto","description":"El seguro a terceros ampliado de Hello Auto te garantiza las coberturas m\u00e1s b\u00e1sicas y, adem\u00e1s, incluye coberturas de robo, incendio y rotura de lunas.","robots":{"index":"index","follow":"follow","max-snippet":"max-snippet:-1","max-image-preview":"max-image-preview:large","max-video-preview":"max-video-preview:-1"},"canonical":"https:\/\/helloauto.com\/es-es\/seguros\/seguro-a-terceros-ampliado\/","og_locale":"es_ES","og_type":"article","og_title":"Seguro de coche a terceros ampliado | Hello Auto","og_description":"El seguro a terceros ampliado de Hello Auto te garantiza las coberturas m\u00e1s b\u00e1sicas y, adem\u00e1s, incluye coberturas de robo, incendio y rotura de lunas.","og_url":"https:\/\/helloauto.com\/es-es\/seguros\/seguro-a-terceros-ampliado\/","og_site_name":"Hello Auto","article_publisher":"https:\/\/www.linkedin.com\/company\/hello-auto-insurance\/","article_modified_time":"2024-04-24T10:49:55+00:00","og_image":[{"width":172,"height":30,"url":"https:\/\/helloauto.com\/wp-content\/uploads\/2023\/05\/Group.png","type":"image\/png"}],"twitter_card":"summary_large_image","twitter_site":"@helloauto_es","schema":{"@context":"https:\/\/schema.org","@graph":[{"@type":"WebPage","@id":"https:\/\/helloauto.com\/es-es\/seguros\/seguro-a-terceros-ampliado\/","url":"https:\/\/helloauto.com\/es-es\/seguros\/seguro-a-terceros-ampliado\/","name":"Seguro de coche a terceros ampliado | Hello Auto","isPartOf":{"@id":"https:\/\/helloauto.com\/es-es\/#website"},"datePublished":"2023-10-31T06:05:41+00:00","dateModified":"2024-04-24T10:49:55+00:00","description":"El seguro a terceros ampliado de Hello Auto te garantiza las coberturas m\u00e1s b\u00e1sicas y, adem\u00e1s, incluye coberturas de robo, incendio y rotura de lunas.","breadcrumb":{"@id":"https:\/\/helloauto.com\/es-es\/seguros\/seguro-a-terceros-ampliado\/#breadcrumb"},"inLanguage":"es","potentialAction":[{"@type":"ReadAction","target":["https:\/\/helloauto.com\/es-es\/seguros\/seguro-a-terceros-ampliado\/"]}]},{"@type":"BreadcrumbList","@id":"https:\/\/helloauto.com\/es-es\/seguros\/seguro-a-terceros-ampliado\/#breadcrumb","itemListElement":[{"@type":"ListItem","position":1,"name":"Inicio","item":"https:\/\/helloauto.com\/es-es\/"},{"@type":"ListItem","position":2,"name":"Seguros","item":"https:\/\/helloauto.com\/es-es\/seguros\/"},{"@type":"ListItem","position":3,"name":"Terceros ampliado"}]},{"@type":"WebSite","@id":"https:\/\/helloauto.com\/es-es\/#website","url":"https:\/\/helloauto.com\/es-es\/","name":"Hello Auto - Seguros de coche","description":"Aseguradora de coches","publisher":{"@id":"https:\/\/helloauto.com\/es-es\/#organization"},"alternateName":"Hello Auto Seguros","potentialAction":[{"@type":"SearchAction","target":{"@type":"EntryPoint","urlTemplate":"https:\/\/helloauto.com\/es-es\/?s={search_term_string}"},"query-input":{"@type":"PropertyValueSpecification","valueRequired":true,"valueName":"search_term_string"}}],"inLanguage":"es"},{"@type":"Organization","@id":"https:\/\/helloauto.com\/es-es\/#organization","name":"Hello Auto","alternateName":"Hello Auto Seguros","url":"https:\/\/helloauto.com\/es-es\/","logo":{"@type":"ImageObject","inLanguage":"es","@id":"https:\/\/helloauto.com\/es-es\/#\/schema\/logo\/image\/","url":"https:\/\/helloauto.com\/wp-content\/uploads\/2024\/06\/Logo.svg","contentUrl":"https:\/\/helloauto.com\/wp-content\/uploads\/2024\/06\/Logo.svg","caption":"Hello Auto"},"image":{"@id":"https:\/\/helloauto.com\/es-es\/#\/schema\/logo\/image\/"},"sameAs":["https:\/\/www.linkedin.com\/company\/hello-auto-insurance\/","https:\/\/x.com\/helloauto_es","https:\/\/www.instagram.com\/helloautoes\/","https:\/\/www.facebook.com\/HelloAutoES\/","https:\/\/www.youtube.com\/@helloautoespana7032"]}]}},"_links":{"self":[{"href":"https:\/\/helloauto.com\/es-es\/wp-json\/wp\/v2\/pages\/3050","targetHints":{"allow":["GET"]}}],"collection":[{"href":"https:\/\/helloauto.com\/es-es\/wp-json\/wp\/v2\/pages"}],"about":[{"href":"https:\/\/helloauto.com\/es-es\/wp-json\/wp\/v2\/types\/page"}],"author":[{"embeddable":true,"href":"https:\/\/helloauto.com\/es-es\/wp-json\/wp\/v2\/users\/1"}],"replies":[{"embeddable":true,"href":"https:\/\/helloauto.com\/es-es\/wp-json\/wp\/v2\/comments?post=3050"}],"version-history":[{"count":14,"href":"https:\/\/helloauto.com\/es-es\/wp-json\/wp\/v2\/pages\/3050\/revisions"}],"predecessor-version":[{"id":9148,"href":"https:\/\/helloauto.com\/es-es\/wp-json\/wp\/v2\/pages\/3050\/revisions\/9148"}],"up":[{"embeddable":true,"href":"https:\/\/helloauto.com\/es-es\/wp-json\/wp\/v2\/pages\/532"}],"wp:attachment":[{"href":"https:\/\/helloauto.com\/es-es\/wp-json\/wp\/v2\/media?parent=3050"}],"curies":[{"name":"wp","href":"https:\/\/api.w.org\/{rel}","templated":true}]}}